{"id":52,"date":"2024-11-25T12:51:39","date_gmt":"2024-11-25T12:51:39","guid":{"rendered":"https:\/\/aycaferdakansu.com\/?page_id=52"},"modified":"2024-12-04T12:56:39","modified_gmt":"2024-12-04T12:56:39","slug":"yayinlar","status":"publish","type":"page","link":"https:\/\/aycaferdakansu.com\/?page_id=52","title":{"rendered":"Yay\u0131nlar"},"content":{"rendered":"\n<p><strong>Klinik Psikoloji Alan\u0131nda Y\u00f6netilen Ara\u015ft\u0131rma, Proje ve Tezler :<\/strong><\/p>\n\n\n\n<p>\u00c7ocukluk \u00c7a\u011f\u0131 Travmalar\u0131 \u0130le Duygu D\u00fczenleme G\u00fc\u00e7l\u00fc\u011f\u00fc Aras\u0131ndaki \u0130li\u015fkide Duygulara \u0130li\u015fkin \u0130nan\u00e7lar\u0131n Arac\u0131 Rol\u00fc, Candan, Z.\u0130.<\/p>\n\n\n\n<p>Estetik Operasyonlar Ba\u011flam\u0131nda Bireylerin Sosyal G\u00f6r\u00fcn\u00fc\u015f Kayg\u0131 D\u00fczeyi \u0130le Obsesif \u0130nan\u00e7lar\u0131n\u0131n, Erken D\u00f6nem \u015eemalar\u0131yla \u0130li\u015fkisinin \u0130ncelenmesi, Aksu, T.B.<\/p>\n\n\n\n<p>Sa\u011fl\u0131k \u00c7al\u0131\u015fanlar\u0131nda Mutluluk Korkusunun Ki\u015filik \u00d6zellikleri, Kendini Sabotaj ve Aleksitimi \u0130le \u0130li\u015fkisinin \u0130ncelenmesi, G\u00fcltekin, S.<\/p>\n\n\n\n<p>Gen\u00e7 Yeti\u015fkinlerde Yeme Tutumu ve Ba\u011flanma Stilleri Aras\u0131ndaki \u0130li\u015fkide Savunma Mekanizmalar\u0131n\u0131n D\u00fczenleyici Rol\u00fc, A\u015fa\u011f\u0131da\u011f, R.<\/p>\n\n\n\n<p>Sa\u011fl\u0131k \u00c7al\u0131\u015fanlar\u0131n\u0131n Travma Deneyimi, Ki\u015filik \u00d6zellikleri ve Alg\u0131lanan Sosyal Destek D\u00fczeylerinin Travma Sonras\u0131 B\u00fcy\u00fcmeyle \u0130li\u015fkilerinin \u0130ncelenmesi, \u00d6z\u00e7elik,O.<\/p>\n\n\n\n<p>Alg\u0131lanan Ebeveyn Tutumlar\u0131 ve Duygu D\u00fczenleme Stratejileri ile Sa\u011fl\u0131k Anksiyetesi Aras\u0131ndaki \u0130li\u015fki, G\u00fcng\u00f6r, D.\u015e.<\/p>\n\n\n\n<p>Ba\u011flanma Stilleri ve Nesne \u0130li\u015fkileri Ba\u011flam\u0131nda Bekar Sa\u011fl\u0131k \u00c7al\u0131\u015fanlar\u0131n\u0131n Evlilik Kayg\u0131 D\u00fczeyleri ile Yaln\u0131zl\u0131k D\u00fczeyleri \u0130li\u015fkisinin \u0130ncelenmesi, Molla,O.<\/p>\n\n\n\n<p>Gen\u00e7 Yeti\u015fkinlerde Otantiklik ve Ya\u015fam Doyumu Aras\u0131ndaki \u0130li\u015fkide Varolu\u015fsal Kayg\u0131n\u0131n D\u00fczenleyici Rol\u00fcn\u00fcn \u0130ncelenmesi, G\u00fcr, M.<\/p>\n\n\n\n<p>Lise \u00d6\u011frencilerinde Erken D\u00f6nem \u015eemalar\u0131n \u0130nternet Ba\u011f\u0131ml\u0131l\u0131\u011f\u0131 \u0130le \u0130li\u015fkisinde Ya\u015fam Memnuniyetinin Arac\u0131 Rol\u00fcn\u00fcn \u0130ncelenmesi, Osmangil, M.K.<\/p>\n\n\n\n<p>Yeti\u015fkinlerin Toplumsal Cinsiyet Rol\u00fc Tutumlar\u0131 ve \u00d6zyeterlilik \u0130nan\u00e7lar\u0131n\u0131n Aldatmaya Y\u00f6nelik Tutumlar\u0131 \u0130le \u0130li\u015fkisinin \u0130ncelenmesi, Karak\u00f6se, A.<\/p>\n\n\n\n<p>Gen\u00e7 Yeti\u015fkinlerde Erken D\u00f6nem Uyumsuz \u015eemalar \u0130le Cinsel Doyum Aras\u0131ndaki \u0130li\u015fkide Cinselli\u011fe Y\u00f6nelik Tutumlar\u0131n Arac\u0131l\u0131k Rol\u00fcn\u00fcn \u0130ncelenmesi, \u00c7elebi, A.<\/p>\n\n\n\n<p>Yeti\u015fkinlikte Kullan\u0131lan Savunma Mekanizmalar\u0131n\u0131n \u00c7ocukluk \u00c7a\u011f\u0131 Travmalar\u0131 \u0130le \u0130li\u015fkisinin \u00d6fke ve Affedicilik Ba\u011flam\u0131nda \u0130ncelenmesi, S\u00fcvari, B.<\/p>\n\n\n\n<p>\u0130nstagram Ba\u011f\u0131ml\u0131l\u0131k D\u00fczeyi \u0130le Sosyal G\u00f6r\u00fcn\u00fc\u015f Kayg\u0131s\u0131 ve K\u0131r\u0131lgan Narsisizm Aras\u0131ndaki \u0130li\u015fkinin \u0130ncelenmesi, \u00dcst\u00fcner, A.<\/p>\n\n\n\n<p>Alkol ve\/veya Madde Ba\u011f\u0131ml\u0131l\u0131\u011f\u0131 Olan Bireylerde Ba\u011f\u0131ml\u0131l\u0131k \u015eiddeti, Psikopatolojik \u00d6zellikler ve Alg\u0131lanan Stres D\u00fczeyi Aras\u0131ndaki \u0130li\u015fkilerin \u0130ncelenmesi, \u00c7elik, M.<\/p>\n\n\n\n<p>Yeti\u015fkin Bireylerde Benlik Sayg\u0131s\u0131n\u0131n Toplumsal Cinsiyet Rolleri, Anne-Baba Tutumlar\u0131 ve Tanr\u0131 Alg\u0131s\u0131 \u0130le Olan \u0130li\u015fkisinin \u0130ncelenmesi, Kara\u00e7elik, M. <\/p>\n\n\n\n<p>Karanl\u0131k \u00dc\u00e7l\u00fc Ki\u015filik \u00d6zellikleri ve Ya\u015fam Doyumunun Erken D\u00f6nem Uyum Bozucu \u015eemalar \u0130le \u0130li\u015fkisinin \u0130ncelenmesi, \u015eahin, E.<\/p>\n\n\n\n<p>Ergenlik D\u00f6neminde Benlik Sayg\u0131s\u0131 \u0130le Sosyal Kayg\u0131 Aras\u0131ndaki \u0130li\u015fkinin \u0130ncelenmesi \u00dczerine Bir Derleme, Cant\u00fcrk,Y.\u00a0\u00a0\u00a0\u00a0\u00a0\u00a0\u00a0\u00a0\u00a0<\/p>\n\n\n\n<p>\u00c7ocukluk \u00c7a\u011f\u0131 Travmalar\u0131 ve Ba\u011f\u0131ml\u0131l\u0131k \u0130li\u015fkisi, G\u00fcn,B.<\/p>\n\n\n\n<p>Romantik \u0130li\u015fkiler Ba\u011flam\u0131nda Ebeveyn Tutumlar\u0131 ve Ba\u011flanma Stilleri \u0130li\u015fkisinin \u0130ncelenmesi, \u015e\u00fck\u00fcr,S.<\/p>\n\n\n\n<p>Zorlu Ya\u015fam Olaylar\u0131yla Ba\u015fa \u00c7\u0131kmakta \u00d6z \u015eefkat ve Psikolojik Dayan\u0131kl\u0131l\u0131k D\u00fczeyinin Rol\u00fc, \u00c7etin,N.S.<\/p>\n\n\n\n<p>\u00c7ocukluk \u00c7a\u011f\u0131 Travmalar\u0131 ve Romantik \u0130li\u015fkilerin, Psikolojik Sa\u011flaml\u0131k Ba\u011flam\u0131nda \u0130ncelenmesi, Top\u00e7u, M.<\/p>\n\n\n\n<p>Narsizmin T\u00fcm Boyutlar\u0131yla Ele Al\u0131nmas\u0131 Ve \u015eema Terapi Perspektifinden De\u011ferlendirilmesi, Kartal, G.<\/p>\n\n\n\n<p>\u00c7e\u015fitli Psikoterapi Kuramlar\u0131 Ba\u011flam\u0131nda Borderline Ki\u015filik Bozuklu\u011fu: \u015eema Terapi, Psikoanalitik ve Aktar\u0131m Odakl\u0131 Terapi Kar\u015f\u0131la\u015ft\u0131r\u0131lmas\u0131, M\u0131s\u0131rl\u0131gil,T.<\/p>\n\n\n\n<p>Madde Ba\u011f\u0131ml\u0131l\u0131\u011f\u0131 Tedavisinde Sosyal Deste\u011fin Rol\u00fc: Bir Derleme, G\u00fcner, E.G.<\/p>\n\n\n\n<p>\u00c7ocukluk \u00c7a\u011f\u0131 Travmalar\u0131n\u0131n Ba\u011flanma Stilleri ve Erken D\u00f6nem \u015eemalarla \u0130li\u015fkisinin Romantik \u0130li\u015fkiler A\u00e7\u0131s\u0131ndan \u0130ncelenmesi, Ayhan, B.G.<\/p>\n\n\n\n<p><strong>Ulusal ve Uluslararas\u0131 Bilimsel Toplant\u0131larda Sunulan Bildiriler<\/strong><\/p>\n\n\n\n<p>Bildiri : Canbakan, E., Kansu, A.F. ,  A Review On The Relationship Between Neglect And Abuse And Sharenting On Children, INCHOIS 2024 SPR\u0130NG \/ MAY 11-12,2 024 \u0130stanbul \/T\u00dcRK\u0130YE\/ International Congress Of New Horizons In Social Sc\u0131ens\/Proceedings Book, p 62.<\/p>\n\n\n\n<p>Bildiri: Kansu, A.F. , Kocuk, N.H., Politik Psikoloji Ba\u011flam\u0131nda \u015eiddet, VII. Uluslararas\u0131 Sosyal Bilimler Kongresi TESAM, s 33.<\/p>\n\n\n\n<p>Bildiri: Kansu, A.F., \u00c7elebi, A., \u201c\u00c7ekingen Ki\u015filik Bozuklu\u011funun \u015eema Terapi Kapsam\u0131nda \u0130ncelenmesi\u201d, \u00c7anakkale On Sekiz Mart \u00dcniversitesi Uluslararas\u0131 Sosyal Bilimler Konferans\u0131 IV. , \u00c7anakkale<\/p>\n\n\n\n<p>Bildiri: Kansu, A.F.,\u201dPozitif Psikolojinin E\u011fitimde Kullan\u0131m\u0131\u201d,\u00a0 Uluslararas\u0131 TURKCESS2019 E\u011fitim ve Sosyal Bilimler Kongresi, \u0130stanbul<\/p>\n\n\n\n<p>Bildiri : Kansu, A.F., Yak\u0131n \u0130li\u015fkilerde Cinsiyet ve Roller, 21. Ulusal Psikoterapi Sempozyumu, CISEF \u2013 Do\u011fu\u015f \u00dcniversitesi, Online.<\/p>\n\n\n\n<p>Bildiri : Kansu, A.F., Siyasette Toplumsal Cinsiyet, CISED 6. Ulusal Cinsel Sa\u011fl\u0131k Kongresi, Antalya<\/p>\n\n\n\n<p>Poster Sunumu: \u00d6ks\u00fcz, F., Alt\u0131n, H.U., Kansu, A.F., Sayar, H.G., \u201cThe Impact of Obstetric Features on Anxiety and Negative Automatic Thoughts in Pregnancy\u201d, 8th Conference of the International Society of Interpersonal Psychothreapy (ISIPT), Budape\u015fte, Macaristan.<\/p>\n\n\n\n<p>Poster Sunumu: Do\u011fan, \u0130.A., Kansu, A.F., \u00dcn\u00fcbol, H., Sayar, H.G., \u201cAlzheimer Patient Caregiver Well-being Psychoeducation Program\u2019s Effect On Caregivers\u2019 Burnout Syndrome\u201d, 8th Conference of the International Society of Interpersonal Psychothreapy (ISIPT), Budape\u015fte, Macaristan.<\/p>\n\n\n\n<p><strong>&nbsp;Di\u011fer Yay\u0131nlar<\/strong><\/p>\n\n\n\n<p>Bildiri-Konferans : Kansu, A.F., \u201cSiyasette \u00d6nderlik, Liderlik ve Karar Alma Mekanizmalar\u0131\u201d, Cumhuriyetin 100.y\u0131l\u0131nda Siyaset Psikolojisi Sempozyumu, Hali\u00e7 \u00dcniversitesi, \u0130stanbul<\/p>\n\n\n\n<p>Bildiri-Konferans : Kansu, A.F., \u201cKimlik Olu\u015fumunda Ben ve \u00d6teki\u201d, SoBilin\u00e7 Psikoloji \u00c7al\u0131\u015ftay\u0131, M\u00fcmtaz Tarhan Sosyal Bilimler Lisesi, \u0130stanbul<\/p>\n\n\n\n<p>Bildiri-Konferans: Kansu, A.F., \u201cPolitik Psikoloji Ba\u011flam\u0131nda \u015eiddet\u201d, \u0130stanbul \u00dcniversitesi 8. Psikoloji Sempozyumu, \u0130stanbul \u00dcniversitesi Psikoloji B\u00f6l\u00fcm\u00fc<\/p>\n\n\n\n<p>Bildiri-Konferans: Kansu, A.F. , Eskiili, B., \u201cBenli\u011fim ve \u015eemalar\u0131m\u201d, \u0130stanbul Psikoterapi Akademisi Sempozyumu, \u0130stanbul<\/p>\n\n\n\n<p>Bildiri-Konferans: Kansu, A.F., \u201cDijitalle\u015fen D\u00fcnyada \u0130li\u015fkilerin ve Cinselli\u011fin D\u00f6n\u00fc\u015f\u00fcm\u00fc\u201d, \u0130stanbul Ayd\u0131n \u00dcniversitesi Sempozyumu, \u0130stanbul<\/p>\n\n\n\n<p>Bildiri-Konferans: Kansu, A.F. , \u201cPolitik Psikoloji Nedir?\u201d, Ulusal Psikolojik Dan\u0131\u015fmanl\u0131k ve Rehberlik \u00d6\u011frencileri Yap\u0131lanmas\u0131 Sempozyumu, \u0130stanbul<\/p>\n\n\n\n<p>Bildiri-Konferans: Kansu, A.F. , \u201cT\u00fcrkiye\u2019de Politik Psikoloji?\u201d, Flanor Ps\u0131koloj\u0131 Zirvesi Ba\u011f\u0131ms\u0131z \u00d6\u011frenci Toplulu\u011fu, \u0130stanbul<\/p>\n\n\n\n<p>Bildiri-Konferans: Kansu, A.F. , \u201cDisiplinleraras\u0131Bir Alan Olarak Politik Psikoloji\u201d, 1.Politik Psikoloji Sempozyumu Oxford Un\u0131versity Cr\u0131c-\u00dcsk\u00fcdar \u00dcniversitesi, \u0130stanbul<\/p>\n\n\n\n<p><strong>Yaz\u0131lan Uluslararas\u0131 Kitaplar veya Kitaplarda B\u00f6l\u00fcmler<\/strong><\/p>\n\n\n\n<p>Kansu, A.F., Politik D\u00fc\u015f\u00fcnce ve Psikolojik Kararlar\u0131m\u0131z, Ankara: Nobel Yay\u0131nlar\u0131<\/p>\n\n\n\n<p>Kansu, A.F., Sadock, J.B., Ruiz, P. &amp; Sadock, A.V., \u201cTheories of Personality and Psychopathology\u201d, <em>Kaplan and Sadock\u2019s Compheresive Textbook of Psychiatry <\/em>i\u00e7inde b\u00f6l\u00fcm. \u00c7ev. Ay\u00e7a Ferda Kansu. \u0130stanbul : G\u00fcne\u015f T\u0131p Kitabevi<\/p>\n\n\n\n<p>Kansu, A.F., \u201cBen Kendim, Sen G\u00f6lgem \/ \u00d6tekim ve Personam\u201d, <em>Travmalar\u0131n G\u00f6lgesinde Politik Psikoloji <\/em>i\u00e7inde (351-383). Ar\u0131bo\u011fan,D.\u00dc. (Ed.)., \u0130stanbul: \u0130nk\u0131l\u00e2p Kitabevi.<\/p>\n\n\n\n<p>Av\u015far, B., Kansu, A.F., \u201cBenzerlikler ve Farkl\u0131l\u0131klar\u0131n I\u015f\u0131\u011f\u0131nda Avrupal\u0131l\u0131\u011f\u0131n Psikopoliti\u011fi\u201d, <em>Travmalar\u0131n G\u00f6lgesinde Politik Psikoloji <\/em>i\u00e7inde (299-327). Ar\u0131bo\u011fan,D.\u00dc. (Ed.)., \u0130stanbul: \u0130nk\u0131l\u00e2p Kitabevi.<\/p>\n\n\n\n<p><strong>Ulusal Hakemli Dergilerde Yay\u0131nlanan Makaleler<\/strong><\/p>\n\n\n\n<p>Tarhan, N., Kansu, A.F., \u00dcnal, A.T. , \u00dcsk\u00fcdar Politik Liderlik Ve \u00dcsk\u00fcdar Se\u00e7men Kendini De\u011ferlendirme \u00d6l\u00e7eklerinin Ge\u00e7erlilik Ve G\u00fcvenirlik Analizleri. Ara\u015ft\u0131rma Makalesi, \u0130stanbul Arel \u00dcniversitesi \u0130leti\u015fim \u00c7al\u0131\u015fmalar\u0131 Dergisi (\u0130SA\u00dc\u0130\u00c7DER) 2022; 10(22): 175-198 ISSN: 2146-4162<\/p>\n\n\n\n<p>Kansu, A.F., Politik \u00d6zyeterlik ve Ya\u015fam Ba\u011fl\u0131l\u0131\u011f\u0131: Siyasi Parti Te\u015fkilatlar\u0131nda G\u00f6rev Alan Bireyler \u00dczerinde Bir \u0130nceleme. <em>Elektronik Sosyal Bilimler Dergisi<\/em>, 18(69), 1-12.<\/p>\n\n\n\n<p>Kansu, A.F. ve Tarhan, N.,Politik Psikoloji ve Politik \u00d6zyeterlik. <em>\u00dc\u00dc. Sosyal Bilimler Dergisi,<\/em> 4 (6), 1-18.<\/p>\n\n\n\n<p>Kansu, A.F. ve Sayar, G.H., \u00d6z Yeterlik, Ya\u015fam Anlam\u0131 ve Ya\u015fam Ba\u011fl\u0131l\u0131\u011f\u0131 Kavramlar\u0131 \u00dczerine Bir\u00a0\u0130nceleme. <em>\u00dc\u00dc Etkile\u015fim Dergisi<\/em>, 1(1), 78-89.<\/p>\n","protected":false},"excerpt":{"rendered":"<p>Klinik Psikoloji Alan\u0131nda Y\u00f6netilen Ara\u015ft\u0131rma, Proje ve Tezler : \u00c7ocukluk \u00c7a\u011f\u0131 Travmalar\u0131 \u0130le Duygu D\u00fczenleme G\u00fc\u00e7l\u00fc\u011f\u00fc Aras\u0131ndaki \u0130li\u015fkide Duygulara \u0130li\u015fkin \u0130nan\u00e7lar\u0131n Arac\u0131 Rol\u00fc, Candan, Z.\u0130. Estetik Operasyonlar Ba\u011flam\u0131nda Bireylerin Sosyal G\u00f6r\u00fcn\u00fc\u015f Kayg\u0131 D\u00fczeyi \u0130le Obsesif \u0130nan\u00e7lar\u0131n\u0131n, Erken D\u00f6nem \u015eemalar\u0131yla \u0130li\u015fkisinin \u0130ncelenmesi, Aksu, T.B. Sa\u011fl\u0131k \u00c7al\u0131\u015fanlar\u0131nda Mutluluk Korkusunun Ki\u015filik \u00d6zellikleri, Kendini Sabotaj ve Aleksitimi \u0130le \u0130li\u015fkisinin [&hellip;]<\/p>\n","protected":false},"author":1,"featured_media":0,"parent":0,"menu_order":0,"comment_status":"closed","ping_status":"closed","template":"","meta":{"footnotes":""},"class_list":["post-52","page","type-page","status-publish","hentry"],"_links":{"self":[{"href":"https:\/\/aycaferdakansu.com\/index.php?rest_route=\/wp\/v2\/pages\/52","targetHints":{"allow":["GET"]}}],"collection":[{"href":"https:\/\/aycaferdakansu.com\/index.php?rest_route=\/wp\/v2\/pages"}],"about":[{"href":"https:\/\/aycaferdakansu.com\/index.php?rest_route=\/wp\/v2\/types\/page"}],"author":[{"embeddable":true,"href":"https:\/\/aycaferdakansu.com\/index.php?rest_route=\/wp\/v2\/users\/1"}],"replies":[{"embeddable":true,"href":"https:\/\/aycaferdakansu.com\/index.php?rest_route=%2Fwp%2Fv2%2Fcomments&post=52"}],"version-history":[{"count":7,"href":"https:\/\/aycaferdakansu.com\/index.php?rest_route=\/wp\/v2\/pages\/52\/revisions"}],"predecessor-version":[{"id":101,"href":"https:\/\/aycaferdakansu.com\/index.php?rest_route=\/wp\/v2\/pages\/52\/revisions\/101"}],"wp:attachment":[{"href":"https:\/\/aycaferdakansu.com\/index.php?rest_route=%2Fwp%2Fv2%2Fmedia&parent=52"}],"curies":[{"name":"wp","href":"https:\/\/api.w.org\/{rel}","templated":true}]}}