{"id":34,"date":"2024-11-25T11:46:48","date_gmt":"2024-11-25T11:46:48","guid":{"rendered":"https:\/\/aycaferdakansu.com\/?page_id=34"},"modified":"2024-12-04T12:52:50","modified_gmt":"2024-12-04T12:52:50","slug":"hakkimda","status":"publish","type":"page","link":"https:\/\/aycaferdakansu.com\/?page_id=34","title":{"rendered":"Hakk\u0131nda"},"content":{"rendered":"\n<h2 class=\"wp-block-heading\"><\/h2>\n\n\n\n<p>Ergen, yeti\u015fkin ve \u00e7iftler ile \u00e7al\u0131\u015fan\u00a0Dr. Ay\u00e7a Ferda Kansu, \u0130stanbul Ayd\u0131n \u00dcniversitesi Psikoloji B\u00f6l\u00fcm\u00fcnde \u00d6\u011fretim \u00dcyesidir.<\/p>\n\n\n\n<p>B\u00fct\u00fcnc\u00fcl Psikoterapi, Bili\u015fsel Davran\u0131\u015f\u00e7\u0131 Terapi, K\u0131sa Sureli \u00c7\u00f6z\u00fcm Odakl\u0131 Terapi, Ki\u015fileraras\u0131 \u0130li\u015fkiler Psikoterapisi, Transaksiyonel Analiz, \u015eema Terapi, Cinsel Terapi, Evlilik ve \u00c7ift Terapisi, Bo\u015fanma Terapisi,\u00a0 Kabul ve Kararl\u0131l\u0131k Terapisi, EMDR, Cinsel Travmalarda EMDR, Felsefi Dan\u0131\u015fmanl\u0131k ve Varolu\u015f\u00e7u Logoterapi, R\u00fcya Analizi e\u011fitimleri alm\u0131\u015f olan Kansu \u00e7e\u015fitli \u00fcniversitelerde bu ba\u015fl\u0131klarda dersler ve terapistler i\u00e7in s\u00fcpervizyon vermektedir.\u00a0<\/p>\n\n\n\n<p>E\u011fitim hayat\u0131na Istanbul&#8217;da ba\u015flayan Kansu; lisans d\u00f6neminde \u00f6nce Felsefe ard\u0131ndan Psikoloji okuyarak y\u00fcksek lisans ve doktoras\u0131n\u0131 yine Psikoloji b\u00f6l\u00fcm\u00fcnde ger\u00e7ekle\u015ftirmi\u015f; ulusal ve uluslararas\u0131 pek \u00e7ok yay\u0131n \u00fcretmi\u015f ve projelerde g\u00f6rev alm\u0131\u015ft\u0131r.\u00a0<\/p>\n\n\n\n<p>Dan\u0131\u015fanlar\u0131 ile a\u011f\u0131rl\u0131kl\u0131 olarak <em>\u015fema<\/em> odakl\u0131 \u00e7al\u0131\u015fmakta olan Ay\u00e7a Ferda Kansu 25 y\u0131ll\u0131k psikoloji e\u011fitimcisi ve psikoterapist kimli\u011finin yan\u0131nda; T\u00fcrkiye&#8217;de yeni tan\u0131nan politik psikoloji alan\u0131na \u00f6nc\u00fcl\u00fck eden isimlerdendir. <\/p>\n","protected":false},"excerpt":{"rendered":"<p>Ergen, yeti\u015fkin ve \u00e7iftler ile \u00e7al\u0131\u015fan\u00a0Dr. Ay\u00e7a Ferda Kansu, \u0130stanbul Ayd\u0131n \u00dcniversitesi Psikoloji B\u00f6l\u00fcm\u00fcnde \u00d6\u011fretim \u00dcyesidir. B\u00fct\u00fcnc\u00fcl Psikoterapi, Bili\u015fsel Davran\u0131\u015f\u00e7\u0131 Terapi, K\u0131sa Sureli \u00c7\u00f6z\u00fcm Odakl\u0131 Terapi, Ki\u015fileraras\u0131 \u0130li\u015fkiler Psikoterapisi, Transaksiyonel Analiz, \u015eema Terapi, Cinsel Terapi, Evlilik ve \u00c7ift Terapisi, Bo\u015fanma Terapisi,\u00a0 Kabul ve Kararl\u0131l\u0131k Terapisi, EMDR, Cinsel Travmalarda EMDR, Felsefi Dan\u0131\u015fmanl\u0131k ve Varolu\u015f\u00e7u Logoterapi, R\u00fcya [&hellip;]<\/p>\n","protected":false},"author":1,"featured_media":0,"parent":0,"menu_order":0,"comment_status":"closed","ping_status":"closed","template":"","meta":{"footnotes":""},"class_list":["post-34","page","type-page","status-publish","hentry"],"_links":{"self":[{"href":"https:\/\/aycaferdakansu.com\/index.php?rest_route=\/wp\/v2\/pages\/34","targetHints":{"allow":["GET"]}}],"collection":[{"href":"https:\/\/aycaferdakansu.com\/index.php?rest_route=\/wp\/v2\/pages"}],"about":[{"href":"https:\/\/aycaferdakansu.com\/index.php?rest_route=\/wp\/v2\/types\/page"}],"author":[{"embeddable":true,"href":"https:\/\/aycaferdakansu.com\/index.php?rest_route=\/wp\/v2\/users\/1"}],"replies":[{"embeddable":true,"href":"https:\/\/aycaferdakansu.com\/index.php?rest_route=%2Fwp%2Fv2%2Fcomments&post=34"}],"version-history":[{"count":9,"href":"https:\/\/aycaferdakansu.com\/index.php?rest_route=\/wp\/v2\/pages\/34\/revisions"}],"predecessor-version":[{"id":99,"href":"https:\/\/aycaferdakansu.com\/index.php?rest_route=\/wp\/v2\/pages\/34\/revisions\/99"}],"wp:attachment":[{"href":"https:\/\/aycaferdakansu.com\/index.php?rest_route=%2Fwp%2Fv2%2Fmedia&parent=34"}],"curies":[{"name":"wp","href":"https:\/\/api.w.org\/{rel}","templated":true}]}}